{"id":15032,"date":"2024-10-23T16:00:23","date_gmt":"2024-10-23T16:00:23","guid":{"rendered":"https:\/\/staging.m3s.fr\/commande-rapide-pieces-detachees-3m\/"},"modified":"2025-03-19T10:13:37","modified_gmt":"2025-03-19T10:13:37","slug":"commande-rapide-pieces-detachees-3m","status":"publish","type":"page","link":"https:\/\/www.m3s.fr\/en\/commande-rapide-pieces-detachees-3m\/","title":{"rendered":"Quick order"},"content":{"rendered":"\t\t<div data-elementor-type=\"wp-page\" data-elementor-id=\"15032\" class=\"elementor elementor-15032 elementor-14317\" data-elementor-post-type=\"page\">\n\t\t\t\t<div class=\"elementor-element elementor-element-2438a6b e-con-full hero-section e-flex e-con e-parent\" data-id=\"2438a6b\" data-element_type=\"container\" data-e-type=\"container\" data-settings=\"{&quot;background_background&quot;:&quot;classic&quot;}\">\n\t\t\t\t<div class=\"elementor-element elementor-element-c6c1563 elementor-widget elementor-widget-heading\" data-id=\"c6c1563\" data-element_type=\"widget\" data-e-type=\"widget\" data-widget_type=\"heading.default\">\n\t\t\t\t<div class=\"elementor-widget-container\">\n\t\t\t\t\t<h2 class=\"elementor-heading-title elementor-size-default\">Quick order<\/h2>\t\t\t\t<\/div>\n\t\t\t\t<\/div>\n\t\t\t\t<div class=\"elementor-element elementor-element-662aa50 m3s-breadcrumb elementor-widget elementor-widget-shortcode\" data-id=\"662aa50\" data-element_type=\"widget\" data-e-type=\"widget\" data-widget_type=\"shortcode.default\">\n\t\t\t\t<div class=\"elementor-widget-container\">\n\t\t\t\t\t\t\t<div class=\"elementor-shortcode\"><span property=\"itemListElement\" typeof=\"ListItem\"><a property=\"item\" typeof=\"WebPage\" title=\"Go to M3S - R\u00e9paration informatique et \u00e9lectronique.\" href=\"https:\/\/www.m3s.fr\/en\/\" class=\"home\" aria-current=\"page\"><span property=\"name\">M3S - R\u00e9paration informatique et \u00e9lectronique<\/span><\/a><meta property=\"position\" content=\"1\"><\/span><\/div>\n\t\t\t\t\t\t<\/div>\n\t\t\t\t<\/div>\n\t\t\t\t<\/div>\n\t\t<div class=\"elementor-element elementor-element-bae4c7c e-con-full e-flex e-con e-parent\" data-id=\"bae4c7c\" data-element_type=\"container\" data-e-type=\"container\" data-settings=\"{&quot;background_background&quot;:&quot;classic&quot;}\">\n\t\t<div class=\"elementor-element elementor-element-9f99c03 e-con-full e-flex e-con e-child\" data-id=\"9f99c03\" data-element_type=\"container\" data-e-type=\"container\">\n\t\t\t\t<div class=\"elementor-element elementor-element-f938341 elementor-widget elementor-widget-heading\" data-id=\"f938341\" data-element_type=\"widget\" data-e-type=\"widget\" data-widget_type=\"heading.default\">\n\t\t\t\t<div class=\"elementor-widget-container\">\n\t\t\t\t\t<h2 class=\"elementor-heading-title elementor-size-default\">3M spare parts - Quick order<\/h2>\t\t\t\t<\/div>\n\t\t\t\t<\/div>\n\t\t\t\t<div class=\"elementor-element elementor-element-e969d7e elementor-widget elementor-widget-text-editor\" data-id=\"e969d7e\" data-element_type=\"widget\" data-e-type=\"widget\" data-widget_type=\"text-editor.default\">\n\t\t\t\t<div class=\"elementor-widget-container\">\n\t\t\t\t\t\t\t\t\t<p><strong>Vous souhaitez commander plusieurs pi\u00e8ces au m\u00eame temps et vous connaissez d\u00e9j\u00e0 les r\u00e9f\u00e9rences :<\/strong><br \/>Sur cette page vous pouvez :<\/p>\n<ul>\n<li>t\u00e9l\u00e9charger votre liste de pi\u00e8ces vers le site pour cr\u00e9er votre panier<\/li>\n<li>ajouter plusieurs lignes de r\u00e9f\u00e9rences dans le panier au m\u00eame temps<\/li>\n<\/ul>\n\t\t\t\t\t\t\t\t<\/div>\n\t\t\t\t<\/div>\n\t\t\t\t<div class=\"elementor-element elementor-element-9660c4e elementor-widget elementor-widget-shortcode\" data-id=\"9660c4e\" data-element_type=\"widget\" data-e-type=\"widget\" data-widget_type=\"shortcode.default\">\n\t\t\t\t<div class=\"elementor-widget-container\">\n\t\t\t\t\t\n\t\t\t<div id=\"content-wrapper\">\n\n\t\t\t\t\t\t\t\t<div id=\"wk_right_column\">\n\n\t\t\t\t\t<div class=\"wk_quick_order_box\">\n\n\t\t\t\t\t\t<form method=\"post\" action=\"\" enctype=\"multipart\/form-data\" id=\"uploadForm\">\n\n\t\t\t\t\t\t\t<input type=\"hidden\" id=\"quick_order_csvnonce_field\" name=\"quick_order_csvnonce_field\" value=\"3b158c933e\" \/><input type=\"hidden\" name=\"_wp_http_referer\" value=\"\/en\/wp-json\/wp\/v2\/pages\/15032\" \/>\n\t\t\t\t\t\t\t<div class=\"wkwqo-customization\">\n\t\t\t\t\t\t\t\t<div class=\"clearfix\">\n\t\t\t\t\t\t\t\t\t<div class=\"col-md-6\">\n\t\t\t\t\t\t\t\t\t\t<h3 class=\"h4 card-title\">Upload your order<\/h3>\n\t\t\t\t\t\t\t\t\t\tSelect a .CSV file here from your computer.\t\t\t\t\t\t\t\t\t<\/div>\n\t\t\t\t\t\t\t\t\t<div class=\"wk_get_direction_button_div float-xs-right col-md-6\">\n\t\t\t\t\t\t\t\t\t\t<button type=\"button\" class=\"wk_quick_order_direction\" data-modal-trigger=\"wkwqo-quick-modal\">\n\t\t\t\t\t\t\t\t\t\tGet Direction\t\t\t\t\t\t\t\t\t\t<\/button>\n\t\t\t\t\t\t\t\t\t<\/div>\n\t\t\t\t\t\t\t\t<\/div>\n\t\t\t\t\t\t\t\t\t<span class=\"custom-file\">\n\t\t\t\t\t\t\t\t\t\t<span class=\"js-file-name\">No selected file<\/span>\n\t\t\t\t\t\t\t\t\t\t\t<input class=\"file-input js-file-input\" required=\"\" type=\"file\" name=\"wk_quick_order_file\" id=\"wk_quick_order_file\">\n\t\t\t\t\t\t\t\t\t\t\t<button class=\"btn btn-primary\">Choose file<\/button>\n\t\t\t\t\t\t\t\t\t\t<\/span>\n\t\t\t\t\t\t\t\t\t\t<button class=\"btn btn-primary\" type=\"submit\" name=\"submitCustomizedData\">Upload<\/button>\n\n\t\t\t\t\t\t\t\t<div class=\"wk_quick_order_error\"><\/div>\n\t\t\t\t\t\t\t<\/div>\n\t\t\t\t\t\t<\/form>\n\t\t\t\t\t\t<div class=\"wkwqo-quick-modal\" id=\"wkwqo-quick-modal\">\n\t\t\t\t\t\t\t<div class=\"wkwqo-quick-modal-content\">\n\t\t\t\t\t\t\t\t<div class=\"wkwqo-quick-modal-header\">\n\t\t\t\t\t\t\t\t\t<button type=\"button\" class=\"close\">\n\t\t\t\t\t\t\t\t\t<\/button>\n\t\t\t\t\t\t\t\t\t<h3 class=\"wkwqo-quick-modal-title\" id=\"examplewkwqo-quick-modalLongTitle\">Import Excel.CSV File<\/h3>\n\t\t\t\t\t\t\t\t<\/div>\n\t\t\t\t\t\t\t\t<div class=\"wkwqo-quick-modal-body\">\n\t\t\t\t\t\t\t\t\t<div>Follow the steps below to import multiple products using an CSV file. Click here to download the <\/div>\n\t\t\t\t\t\t\t\t\t<ul id=\"wk_file_type_info_ul\">\n\t\t\t\t\t\t\t\t\t\t<li>\n\t\t\t\t\t\t\t\t\t\t\t<a href=\"https:\/\/www.m3s.fr\/wp-content\/plugins\/wp-woocommerce-quick-order\/inc\/wkwqo-quick-order.csv\">\n\t\t\t\t\t\t\t\t\t\t\t\t<span>Sample CSV File<\/span>\n\t\t\t\t\t\t\t\t\t\t\t<\/a>\n\t\t\t\t\t\t\t\t\t\t<\/li>\n\t\t\t\t\t\t\t\t\t<\/ul>\n\t\t\t\t\t\t\t\t\t<h3>Direction<\/h3>\n\t\t\t\t\t\t\t\t\t<ul id=\"wk_file_type_info_ul\" style=\"list-style-type:disc; padding-left:10px;\">\n\t\t\t\t\t\t\t\t\t\t<li>\n\t\t\t\t\t\t\t\t\t\tEnter Product Id\/SKU in Column A\t\t\t\t\t\t\t\t\t\t<\/li>\n\t\t\t\t\t\t\t\t\t\t<li>\n\t\t\t\t\t\t\t\t\t\tEnter the quantities needed in Column B\t\t\t\t\t\t\t\t\t\t<\/li>\n\t\t\t\t\t\t\t\t\t\t<li>\n\t\t\t\t\t\t\t\t\t\tPlease do not include any prefixes, dashes, or other punctuation in the item numbers. Save the file on your computer. CSV format (.csv) and click Upload.\t\t\t\t\t\t\t\t\t\t<\/li>\n\t\t\t\t\t\t\t\t\t<\/ul>\n\t\t\t\t\t\t\t\t<\/div>\n\t\t\t\t\t\t\t<\/div>\n\t\t\t\t\t\t<\/div>\n\t\t\t\t\t<\/div>\n\t\t\t\t<\/div>\n\t\t\t\t\t\n\t<div id=\"wk_left_column\">\n\n\t\t<div class=\"wk_quick_order_box\">\n\n\t\t\t<form method=\"post\" name=\"wk_quick_order_form\" id=\"wk_quick_order_form\" action=\"\" onkeydown=\"return event.key != 'Enter';\">\n\n\t\t\t\t\t<input type=\"hidden\" id=\"quick_order_nonce_field\" name=\"quick_order_nonce_field\" value=\"92e3ef0205\" \/><input type=\"hidden\" name=\"_wp_http_referer\" value=\"\/en\/wp-json\/wp\/v2\/pages\/15032\" \/>\n\t\t\t\t<div class=\"table-responsive\">\n\t\t\t\t\t<div class=\"form-group clearfix\">\n\t\t\t\t\t\t<button type=\"button\" name=\"wk_quick_order_delete_all_row\" id=\"wk_quick_order_delete_all_row\" class=\"col-md-12 btn\">Delete All Rows<\/button>\n\t\t\t\t\t<\/div>\n\t\t\t\t\t<table class=\"table table-striped woocommerce-orders-table woocommerce-MyAccount-orders shop_table shop_table_responsive my_account_orders account-orders-table\" id=\"wk_quick_order_product_table\">\n\t\t\t\t\t\t<thead>\n\t\t\t\t\t\t\t<tr>\n\t\t\t\t\t\t\t\t\t\t\t\t\t\t\t\t<th class=\"woocommerce-orders-table__header\">Image<\/th>\n\t\t\t\t\t\t\t\t\t\t\t\t\t\t\t\t<th class=\"woocommerce-orders-table__header\">Name<\/th>\n\t\t\t\t\t\t\t\t\t\t\n\t\t\t\t\t\t\t\t\t\t\t\t\t\t\t\t<th class=\"woocommerce-orders-table__header\">Quantity<\/th>\n\t\t\t\t\t\t\t\t<th class=\"woocommerce-orders-table__header\">Price<br>(One Unit)<\/th>\n\t\t\t\t\t\t\t\t<th class=\"woocommerce-orders-table__header\">Action<\/th>\n\t\t\t\t\t\t\t<\/tr>\n\t\t\t\t\t\t<\/thead>\n\t\t\t\t\t\t<tbody>\n\t\t\t\t\t\t\t\n\n\t\t\t<tr class=\"woocommerce-orders-table__row wkwqo_woocommerce_orders_table\">\n\t\t\t\t<td class=\"wkqo_product_ref_col\" style=\"display:none;\">\n\t\t<input class=\"form-control wkqo_product_ref\" name=\"ref[]\" type=\"hidden\" value=\"\" placeholder=\"Reference\" autocomplete=\"off\">\n\t\t<div class=\"wk_quick_order_products_ul wk_qo_product_list_div\"><\/div>\n\t<\/td>\n\t<td data-title=\"Image\" class=\"wkwqo_woocommerce-orders-table__cell wk_qo_product_img_col\">\n\t\t<span class=\"wkwqo_product_image media-middle\">\n\t\t<!-- ISSUE 15 target blank image -->\n\t\t\t<a href=\"\" target=\"_blank\" title=\"\" rel=\"noopener\">\n\t\t\t\t<img decoding=\"async\" src=\"https:\/\/www.m3s.fr\/wp-content\/plugins\/wp-woocommerce-quick-order\/assets\/images\/placeholder.png\" alt=\"\">\t\t\t<\/a>\n\t\t<\/span>\n\t<\/td>\n\t\t\t\t<td data-title=\"Name\" class=\"wkwqo_woocommerce-orders-table__cell wk_qo_product_name_col\">\n\t\t<input class=\"form-control wk_qo_product_name\" name=\"idProduct[]\" type=\"text\" value=\"\" placeholder=\"Enter Product Name\/SKU\" autocomplete=\"off\" required >\n\t\t<div class=\"wk_qo_product_info wk_quick_order_error\"><\/div>\n\t\t<div class=\"wk_qo_products_search_list wk_qo_product_list_div\"><\/div>\n\t<\/td>\n\t\t\t\t\n\t<td data-title=\"Quantity\" class=\"wkwqo_woocommerce-orders-table__cell wkqo_product_quantity\">\n\t\t<div class=\"qty\">\n\t\t\t<div class=\"input-group \"><input type=\"number\" name=\"qty[]\"\n\t\t\tvalue=\"1\" class=\"input-group wkwqo-quick-order-qty form-control\" data-price=\"1\" aria-label=\"Quantity\" min=\"1\" max=\"100\" required><\/div>\n\t\t<\/div>\n\t<\/td>\n\t<td data-title=\"Price\" class=\"wkwqo_woocommerce-orders-table__cell wkqo_product_price\">\n\t\t<span><\/span>\n\t<\/td>\n\t<td data-title=\"Action\" class=\"wkwqo_woocommerce-orders-table__cell wk_quick_order_delete_row\">\n\t\t<i class=\"wk_quick_order_delete_icon\">\ue872<\/i>\n\t<\/td>\n<\/tr>\n\n\t\t\t\n\t\t\t\t\t<\/tbody>\n\t\t\t\t<\/table>\n\t\t\t\t<\/div>\n\t\t\t\t<div class=\"form-group clearfix\">\n\t\t\t\t\t<div class=\"wkwko_form_footer\">\n\t\t\t\t\t\t<div class=\"wkwko_form_footer_buttons\">\n\n\t\t\t\t\t\t\t<button type=\"button\" name=\"wk_quick_order_add_row\" id=\"wk_quick_order_add_row\" class=\"col-md-12 btn\">Add more rows<\/button>\n\n\t\t\t\t\t\t\t<button type=\"submit\" name=\"wk_quick_order_submit_button\" id=\"wk_quick_order_submit_button\" class=\"btn btn-primary float-xs-right\">Create Order<\/button>\n\t\t\t\t\t\t<\/div>\n\t\t\t\t\t\t<div class=\"wkwko_form_error_message\">\n\t\t\t\t\t\t\t<p class=\"error\">\n\t\t\t\t\t\t\t\tYou must delete empty rows to create an order.\t\t\t\t\t\t\t<\/p>\n\t\t\t\t\t\t<\/div>\n\t\t\t\t\t<\/div>\n\t\t\t\t<\/div>\n\t\t\t<\/form>\n\t\t<\/div>\n\t<\/div>\n\t\t\t\t\t\t<\/div>\n\t\t\t\t\t<div class=\"elementor-shortcode\"><\/div>\n\t\t\t\t\t\t<\/div>\n\t\t\t\t<\/div>\n\t\t\t\t<\/div>\n\t\t\t\t<\/div>\n\t\t\t\t<\/div>\n\t\t","protected":false},"excerpt":{"rendered":"<p>3M spare parts &#8211; Quick order Vous souhaitez commander plusieurs pi\u00e8ces au m\u00eame temps et vous connaissez d\u00e9j\u00e0 les r\u00e9f\u00e9rences :Sur cette page vous pouvez : t\u00e9l\u00e9charger votre liste de pi\u00e8ces vers le site pour cr\u00e9er votre panier ajouter plusieurs lignes de r\u00e9f\u00e9rences dans le panier au m\u00eame temps<\/p>\n","protected":false},"author":1,"featured_media":0,"parent":0,"menu_order":0,"comment_status":"closed","ping_status":"closed","template":"","meta":{"footnotes":""},"class_list":["post-15032","page","type-page","status-publish","hentry"],"_links":{"self":[{"href":"https:\/\/www.m3s.fr\/en\/wp-json\/wp\/v2\/pages\/15032","targetHints":{"allow":["GET"]}}],"collection":[{"href":"https:\/\/www.m3s.fr\/en\/wp-json\/wp\/v2\/pages"}],"about":[{"href":"https:\/\/www.m3s.fr\/en\/wp-json\/wp\/v2\/types\/page"}],"author":[{"embeddable":true,"href":"https:\/\/www.m3s.fr\/en\/wp-json\/wp\/v2\/users\/1"}],"replies":[{"embeddable":true,"href":"https:\/\/www.m3s.fr\/en\/wp-json\/wp\/v2\/comments?post=15032"}],"version-history":[{"count":18,"href":"https:\/\/www.m3s.fr\/en\/wp-json\/wp\/v2\/pages\/15032\/revisions"}],"predecessor-version":[{"id":58007,"href":"https:\/\/www.m3s.fr\/en\/wp-json\/wp\/v2\/pages\/15032\/revisions\/58007"}],"wp:attachment":[{"href":"https:\/\/www.m3s.fr\/en\/wp-json\/wp\/v2\/media?parent=15032"}],"curies":[{"name":"wp","href":"https:\/\/api.w.org\/{rel}","templated":true}]}}