{"id":57713,"date":"2025-03-06T09:47:39","date_gmt":"2025-03-06T09:47:39","guid":{"rendered":"https:\/\/www.m3s.fr\/mentions-legales\/"},"modified":"2025-03-18T14:42:20","modified_gmt":"2025-03-18T14:42:20","slug":"legal-information","status":"publish","type":"page","link":"https:\/\/www.m3s.fr\/en\/legal-information\/","title":{"rendered":"Legal information"},"content":{"rendered":"\t\t<div data-elementor-type=\"wp-page\" data-elementor-id=\"57713\" class=\"elementor elementor-57713 elementor-57692\" data-elementor-post-type=\"page\">\n\t\t\t\t<div class=\"elementor-element elementor-element-d0a65f4 e-con-full hero-section e-flex e-con e-parent\" data-id=\"d0a65f4\" data-element_type=\"container\" data-e-type=\"container\" data-settings=\"{&quot;background_background&quot;:&quot;classic&quot;}\">\n\t\t\t\t<div class=\"elementor-element elementor-element-cfc3471 elementor-widget elementor-widget-heading\" data-id=\"cfc3471\" data-element_type=\"widget\" data-e-type=\"widget\" data-widget_type=\"heading.default\">\n\t\t\t\t<div class=\"elementor-widget-container\">\n\t\t\t\t\t<h2 class=\"elementor-heading-title elementor-size-default\">Legal information<\/h2>\t\t\t\t<\/div>\n\t\t\t\t<\/div>\n\t\t\t\t<div class=\"elementor-element elementor-element-d41cfd9 m3s-breadcrumb elementor-widget elementor-widget-shortcode\" data-id=\"d41cfd9\" data-element_type=\"widget\" data-e-type=\"widget\" data-widget_type=\"shortcode.default\">\n\t\t\t\t<div class=\"elementor-widget-container\">\n\t\t\t\t\t\t\t<div class=\"elementor-shortcode\"><span property=\"itemListElement\" typeof=\"ListItem\"><a property=\"item\" typeof=\"WebPage\" title=\"Go to M3S - R\u00e9paration informatique et \u00e9lectronique.\" href=\"https:\/\/www.m3s.fr\/en\/\" class=\"home\" aria-current=\"page\"><span property=\"name\">M3S - R\u00e9paration informatique et \u00e9lectronique<\/span><\/a><meta property=\"position\" content=\"1\"><\/span><\/div>\n\t\t\t\t\t\t<\/div>\n\t\t\t\t<\/div>\n\t\t\t\t<\/div>\n\t\t<div class=\"elementor-element elementor-element-3b38371 e-con-full e-flex e-con e-parent\" data-id=\"3b38371\" data-element_type=\"container\" data-e-type=\"container\" data-settings=\"{&quot;background_background&quot;:&quot;classic&quot;}\">\n\t\t<div class=\"elementor-element elementor-element-36478bb e-con-full e-flex e-con e-child\" data-id=\"36478bb\" data-element_type=\"container\" data-e-type=\"container\">\n\t\t\t\t<div class=\"elementor-element elementor-element-2dfcd50 elementor-widget elementor-widget-heading\" data-id=\"2dfcd50\" data-element_type=\"widget\" data-e-type=\"widget\" data-widget_type=\"heading.default\">\n\t\t\t\t<div class=\"elementor-widget-container\">\n\t\t\t\t\t<h2 class=\"elementor-heading-title elementor-size-default\">M3S legal information<\/h2>\t\t\t\t<\/div>\n\t\t\t\t<\/div>\n\t\t\t\t<\/div>\n\t\t\t\t<div class=\"elementor-element elementor-element-78456da elementor-widget__width-initial elementor-widget elementor-widget-text-editor\" data-id=\"78456da\" data-element_type=\"widget\" data-e-type=\"widget\" data-widget_type=\"text-editor.default\">\n\t\t\t\t<div class=\"elementor-widget-container\">\n\t\t\t\t\t\t\t\t\t<h5 style=\"text-align: center;\"><strong>Transparence et Engagements L\u00e9gaux de M3S<\/strong><\/h5>\n<p style=\"text-align: center;\">Les mentions l\u00e9gales de M3S regroupent l\u2019ensemble des informations l\u00e9gales relatives \u00e0 notre entreprise et \u00e0 l\u2019utilisation de notre site. En tant que sp\u00e9cialiste de la r\u00e9paration et de la maintenance des \u00e9quipements informatiques et \u00e9lectroniques depuis 1986, M3S s\u2019engage \u00e0 assurer une communication transparente sur ses obligations l\u00e9gales. Vous y trouverez notamment nos coordonn\u00e9es, les conditions d\u2019utilisation du site, ainsi que nos engagements en mati\u00e8re de protection des donn\u00e9es et de respect de la r\u00e9glementation en vigueur.<\/p>\n\t\t\t\t\t\t\t\t<\/div>\n\t\t\t\t<\/div>\n\t\t<div class=\"elementor-element elementor-element-0bebd6b e-con-full e-flex e-con e-child\" data-id=\"0bebd6b\" data-element_type=\"container\" data-e-type=\"container\" data-settings=\"{&quot;background_background&quot;:&quot;classic&quot;}\">\n\t\t<div class=\"elementor-element elementor-element-fb858b2 e-con-full e-flex e-con e-child\" data-id=\"fb858b2\" data-element_type=\"container\" data-e-type=\"container\">\n\t\t<div class=\"elementor-element elementor-element-d3a7229 e-con-full step-1-container e-flex e-con e-child\" data-id=\"d3a7229\" data-element_type=\"container\" data-e-type=\"container\" data-settings=\"{&quot;background_background&quot;:&quot;classic&quot;}\">\n\t\t\t\t<div class=\"elementor-element elementor-element-21f5a10 elementor-widget elementor-widget-heading\" data-id=\"21f5a10\" data-element_type=\"widget\" data-e-type=\"widget\" data-widget_type=\"heading.default\">\n\t\t\t\t<div class=\"elementor-widget-container\">\n\t\t\t\t\t<h2 class=\"elementor-heading-title elementor-size-default\">General terms and conditions of sale - Individuals<\/h2>\t\t\t\t<\/div>\n\t\t\t\t<\/div>\n\t\t\t\t<div class=\"elementor-element elementor-element-de8e4b1 elementor-widget__width-initial elementor-widget elementor-widget-text-editor\" data-id=\"de8e4b1\" data-element_type=\"widget\" data-e-type=\"widget\" data-widget_type=\"text-editor.default\">\n\t\t\t\t<div class=\"elementor-widget-container\">\n\t\t\t\t\t\t\t\t\t<p>General terms and conditions for the sale of online services to individual consumers<\/p>\n\t\t\t\t\t\t\t\t<\/div>\n\t\t\t\t<\/div>\n\t\t\t\t<div class=\"elementor-element elementor-element-adfc460 elementor-widget elementor-widget-button\" data-id=\"adfc460\" data-element_type=\"widget\" data-e-type=\"widget\" data-widget_type=\"button.default\">\n\t\t\t\t<div class=\"elementor-widget-container\">\n\t\t\t\t\t\t\t\t\t<div class=\"elementor-button-wrapper\">\n\t\t\t\t\t<a class=\"elementor-button elementor-button-link elementor-size-sm\" href=\"https:\/\/www.m3s.fr\/wp-content\/uploads\/documents-site\/cgv-particuliers-m3s.pdf\">\n\t\t\t\t\t\t<span class=\"elementor-button-content-wrapper\">\n\t\t\t\t\t\t\t\t\t<span class=\"elementor-button-text\">Find out more<\/span>\n\t\t\t\t\t<\/span>\n\t\t\t\t\t<\/a>\n\t\t\t\t<\/div>\n\t\t\t\t\t\t\t\t<\/div>\n\t\t\t\t<\/div>\n\t\t\t\t<\/div>\n\t\t<div class=\"elementor-element elementor-element-3d30a27 e-con-full step-1-container e-flex e-con e-child\" data-id=\"3d30a27\" data-element_type=\"container\" data-e-type=\"container\" data-settings=\"{&quot;background_background&quot;:&quot;classic&quot;}\">\n\t\t\t\t<div class=\"elementor-element elementor-element-fae84e1 elementor-widget elementor-widget-heading\" data-id=\"fae84e1\" data-element_type=\"widget\" data-e-type=\"widget\" data-widget_type=\"heading.default\">\n\t\t\t\t<div class=\"elementor-widget-container\">\n\t\t\t\t\t<h2 class=\"elementor-heading-title elementor-size-default\">General terms and conditions of sale - Companies<\/h2>\t\t\t\t<\/div>\n\t\t\t\t<\/div>\n\t\t\t\t<div class=\"elementor-element elementor-element-50b92ac elementor-widget__width-initial elementor-widget elementor-widget-text-editor\" data-id=\"50b92ac\" data-element_type=\"widget\" data-e-type=\"widget\" data-widget_type=\"text-editor.default\">\n\t\t\t\t<div class=\"elementor-widget-container\">\n\t\t\t\t\t\t\t\t\t<p>Terms and conditions of sale and provision of services<\/p>\n\t\t\t\t\t\t\t\t<\/div>\n\t\t\t\t<\/div>\n\t\t\t\t<div class=\"elementor-element elementor-element-2dc8a4b elementor-widget elementor-widget-button\" data-id=\"2dc8a4b\" data-element_type=\"widget\" data-e-type=\"widget\" data-widget_type=\"button.default\">\n\t\t\t\t<div class=\"elementor-widget-container\">\n\t\t\t\t\t\t\t\t\t<div class=\"elementor-button-wrapper\">\n\t\t\t\t\t<a class=\"elementor-button elementor-button-link elementor-size-sm\" href=\"https:\/\/www.m3s.fr\/wp-content\/uploads\/documents-site\/cgv-entreprises-m3s.pdf\">\n\t\t\t\t\t\t<span class=\"elementor-button-content-wrapper\">\n\t\t\t\t\t\t\t\t\t<span class=\"elementor-button-text\">Find out more<\/span>\n\t\t\t\t\t<\/span>\n\t\t\t\t\t<\/a>\n\t\t\t\t<\/div>\n\t\t\t\t\t\t\t\t<\/div>\n\t\t\t\t<\/div>\n\t\t\t\t<\/div>\n\t\t\t\t<\/div>\n\t\t\t\t<div class=\"elementor-element elementor-element-24167b8 elementor-widget__width-initial elementor-widget-tablet__width-initial elementor-widget elementor-widget-text-editor\" data-id=\"24167b8\" data-element_type=\"widget\" data-e-type=\"widget\" data-widget_type=\"text-editor.default\">\n\t\t\t\t<div class=\"elementor-widget-container\">\n\t\t\t\t\t\t\t\t\t<p style=\u2018text-align: center;\u2019>More than 39 years in the electronics and IT maintenance and repair market<\/p>\n<p>.<\/p>\n\t\t\t\t\t\t\t\t<\/div>\n\t\t\t\t<\/div>\n\t\t\t\t<div class=\"elementor-element elementor-element-812b171 elementor-absolute elementor-hidden-laptop elementor-hidden-tablet elementor-hidden-mobile elementor-widget elementor-widget-image\" data-id=\"812b171\" data-element_type=\"widget\" data-e-type=\"widget\" data-settings=\"{&quot;_position&quot;:&quot;absolute&quot;}\" data-widget_type=\"image.default\">\n\t\t\t\t<div class=\"elementor-widget-container\">\n\t\t\t\t\t\t\t\t\t\t\t\t\t\t\t<img decoding=\"async\" src=\"https:\/\/www.m3s.fr\/wp-content\/uploads\/audineau-associes-icon-illustration-droite-opa50-1-1-1.svg\" class=\"attachment-full size-full wp-image-13447\" alt=\"\" \/>\t\t\t\t\t\t\t\t\t\t\t\t\t\t\t<\/div>\n\t\t\t\t<\/div>\n\t\t\t\t<div class=\"elementor-element elementor-element-9a646c7 elementor-absolute elementor-hidden-laptop elementor-hidden-tablet elementor-hidden-mobile elementor-widget elementor-widget-image\" data-id=\"9a646c7\" data-element_type=\"widget\" data-e-type=\"widget\" data-settings=\"{&quot;_position&quot;:&quot;absolute&quot;}\" data-widget_type=\"image.default\">\n\t\t\t\t<div class=\"elementor-widget-container\">\n\t\t\t\t\t\t\t\t\t\t\t\t\t\t\t<img decoding=\"async\" src=\"https:\/\/www.m3s.fr\/wp-content\/uploads\/m3s-reparation-bloc-noire-illustration-gauche.svg\" class=\"attachment-full size-full wp-image-13038\" alt=\"\" \/>\t\t\t\t\t\t\t\t\t\t\t\t\t\t\t<\/div>\n\t\t\t\t<\/div>\n\t\t\t\t<\/div>\n\t\t\t\t<\/div>\n\t\t\t\t<\/div>\n\t\t","protected":false},"excerpt":{"rendered":"<p>M3S legal information Transparence et Engagements L\u00e9gaux de M3S Les mentions l\u00e9gales de M3S regroupent l\u2019ensemble des informations l\u00e9gales relatives \u00e0 notre entreprise et \u00e0 l\u2019utilisation de notre site. En tant que sp\u00e9cialiste de la r\u00e9paration et de la maintenance des \u00e9quipements informatiques et \u00e9lectroniques depuis 1986, M3S s\u2019engage \u00e0 assurer une communication transparente sur [&hellip;]<\/p>\n","protected":false},"author":1,"featured_media":0,"parent":0,"menu_order":0,"comment_status":"closed","ping_status":"closed","template":"","meta":{"footnotes":""},"class_list":["post-57713","page","type-page","status-publish","hentry"],"_links":{"self":[{"href":"https:\/\/www.m3s.fr\/en\/wp-json\/wp\/v2\/pages\/57713","targetHints":{"allow":["GET"]}}],"collection":[{"href":"https:\/\/www.m3s.fr\/en\/wp-json\/wp\/v2\/pages"}],"about":[{"href":"https:\/\/www.m3s.fr\/en\/wp-json\/wp\/v2\/types\/page"}],"author":[{"embeddable":true,"href":"https:\/\/www.m3s.fr\/en\/wp-json\/wp\/v2\/users\/1"}],"replies":[{"embeddable":true,"href":"https:\/\/www.m3s.fr\/en\/wp-json\/wp\/v2\/comments?post=57713"}],"version-history":[{"count":12,"href":"https:\/\/www.m3s.fr\/en\/wp-json\/wp\/v2\/pages\/57713\/revisions"}],"predecessor-version":[{"id":57973,"href":"https:\/\/www.m3s.fr\/en\/wp-json\/wp\/v2\/pages\/57713\/revisions\/57973"}],"wp:attachment":[{"href":"https:\/\/www.m3s.fr\/en\/wp-json\/wp\/v2\/media?parent=57713"}],"curies":[{"name":"wp","href":"https:\/\/api.w.org\/{rel}","templated":true}]}}